{"id":2,"date":"2022-01-12T20:43:06","date_gmt":"2022-01-12T20:43:06","guid":{"rendered":"https:\/\/www.puxare.com.br\/blog\/?page_id=2"},"modified":"2025-01-29T18:43:02","modified_gmt":"2025-01-29T18:43:02","slug":"a-puxare","status":"publish","type":"page","link":"https:\/\/www.puxare.com.br\/blog\/","title":{"rendered":"A Puxare"},"content":{"rendered":"\n<figure class=\"wp-block-image size-large has-custom-border\"><img decoding=\"async\" width=\"819\" height=\"1024\" data-src=\"https:\/\/www.puxare.com.br\/blog\/wp-content\/uploads\/2025\/01\/MDP06720-819x1024.jpg\" alt=\"Puxare - Puxadores e acess\u00f3rios para o lar\" class=\"has-border-color has-ast-global-color-8-border-color wp-image-161 lazyload\" style=\"--smush-placeholder-width: 819px; --smush-placeholder-aspect-ratio: 819\/1024;border-width:13px;aspect-ratio:16\/9;object-fit:cover\" data-srcset=\"https:\/\/www.puxare.com.br\/blog\/wp-content\/uploads\/2025\/01\/MDP06720-819x1024.jpg 819w, https:\/\/www.puxare.com.br\/blog\/wp-content\/uploads\/2025\/01\/MDP06720-240x300.jpg 240w, https:\/\/www.puxare.com.br\/blog\/wp-content\/uploads\/2025\/01\/MDP06720-768x960.jpg 768w, https:\/\/www.puxare.com.br\/blog\/wp-content\/uploads\/2025\/01\/MDP06720-1229x1536.jpg 1229w, https:\/\/www.puxare.com.br\/blog\/wp-content\/uploads\/2025\/01\/MDP06720-1639x2048.jpg 1639w, https:\/\/www.puxare.com.br\/blog\/wp-content\/uploads\/2025\/01\/MDP06720-scaled.jpg 2048w\" data-sizes=\"(max-width: 819px) 100vw, 819px\" src=\"data:image\/gif;base64,R0lGODlhAQABAAAAACH5BAEKAAEALAAAAAABAAEAAAICTAEAOw==\" \/><\/figure>\n\n\n\n<p><\/p>\n\n\n\n<p>A Puxare \u00e9 mais do que uma loja de puxadores e acess\u00f3rios e puxadores para o lar; somos uma marca que valoriza o design, a funcionalidade e a qualidade em cada detalhe. Nosso prop\u00f3sito \u00e9 transformar ambientes por meio de produtos que combinam sofistica\u00e7\u00e3o e praticidade, elevando a experi\u00eancia de cada espa\u00e7o.<\/p>\n\n\n\n<p>Desde o in\u00edcio, buscamos oferecer um portf\u00f3lio cuidadosamente selecionado, reunindo as melhores op\u00e7\u00f5es do mercado. Contamos com puxadores diferenciados para m\u00f3veis e portas, ferragens elegantes e uma linha completa de acess\u00f3rios decorativos que agregam valor a qualquer ambiente. Al\u00e9m disso, ampliamos nossa atua\u00e7\u00e3o para oferecer solu\u00e7\u00f5es completas, incluindo organizadores para casa, espelhos refinados, lixeiras de design e uma cole\u00e7\u00e3o de lou\u00e7as em stoneware \u2013 pe\u00e7as modernas e vers\u00e1teis que trazem requinte e praticidade para o dia a dia.<\/p>\n\n\n\n<p>Nosso compromisso com a excel\u00eancia nos levou a trabalhar com fornecedores renomados e materiais de alta durabilidade. Cada produto da Puxare \u00e9 pensado para atender aos mais diversos estilos, desde os cl\u00e1ssicos aos contempor\u00e2neos, sempre acompanhando as tend\u00eancias do mercado. Sabemos que pequenos detalhes fazem toda a diferen\u00e7a, e \u00e9 por isso que nos dedicamos a trazer op\u00e7\u00f5es que unem est\u00e9tica e funcionalidade, proporcionando solu\u00e7\u00f5es que se encaixam perfeitamente em diferentes projetos.<\/p>\n\n\n\n<p>Al\u00e9m da qualidade dos produtos, acreditamos no atendimento como um diferencial. Nossa equipe \u00e9 preparada para auxiliar arquitetos, designers de interiores e clientes finais na escolha ideal para cada ambiente. Oferecemos suporte personalizado, ajudando a encontrar as melhores combina\u00e7\u00f5es e solu\u00e7\u00f5es para transformar cada espa\u00e7o em algo \u00fanico e especial.<\/p>\n\n\n\n<p>A Puxare se tornou refer\u00eancia para quem busca n\u00e3o apenas produtos, mas tamb\u00e9m inspira\u00e7\u00e3o. Acreditamos que cada ambiente tem uma hist\u00f3ria a ser contada, e que cada detalhe contribui para torn\u00e1-lo ainda mais especial. Seja na escolha de um puxador sofisticado, de uma pe\u00e7a de decora\u00e7\u00e3o elegante ou de um item funcional que traga praticidade ao dia a dia, estamos aqui para oferecer o melhor em design e inova\u00e7\u00e3o.<\/p>\n\n\n\n<p>Seja para um grande projeto ou para um pequeno detalhe que faz a diferen\u00e7a, a Puxare \u00e9 o seu destino quando se trata de qualidade, beleza e funcionalidade. Convidamos voc\u00ea a explorar nosso universo e descobrir como podemos transformar seus espa\u00e7os com eleg\u00e2ncia e personalidade.<\/p>\n\n\n\n<p>Puxare &#8211; Puxadores e acess\u00f3rios para o lar<\/p>\n","protected":false},"excerpt":{"rendered":"<p>A Puxare \u00e9 mais do que uma loja de puxadores e acess\u00f3rios e puxadores para o lar; somos uma marca [&hellip;]<\/p>\n","protected":false},"author":1,"featured_media":0,"parent":0,"menu_order":0,"comment_status":"closed","ping_status":"open","template":"","meta":{"site-sidebar-layout":"default","site-content-layout":"","ast-site-content-layout":"","site-content-style":"default","site-sidebar-style":"default","ast-global-header-display":"","ast-banner-title-visibility":"","ast-main-header-display":"","ast-hfb-above-header-display":"","ast-hfb-below-header-display":"","ast-hfb-mobile-header-display":"","site-post-title":"","ast-breadcrumbs-content":"","ast-featured-img":"","footer-sml-layout":"","theme-transparent-header-meta":"","adv-header-id-meta":"","stick-header-meta":"","header-above-stick-meta":"","header-main-stick-meta":"","header-below-stick-meta":"","astra-migrate-meta-layouts":"default","ast-page-background-enabled":"default","ast-page-background-meta":{"desktop":{"background-color":"var(--ast-global-color-5)","background-image":"","background-repeat":"repeat","background-position":"center center","background-size":"auto","background-attachment":"scroll","background-type":"","background-media":"","overlay-type":"","overlay-color":"","overlay-opacity":"","overlay-gradient":""},"tablet":{"background-color":"","background-image":"","background-repeat":"repeat","background-position":"center center","background-size":"auto","background-attachment":"scroll","background-type":"","background-media":"","overlay-type":"","overlay-color":"","overlay-opacity":"","overlay-gradient":""},"mobile":{"background-color":"","background-image":"","background-repeat":"repeat","background-position":"center center","background-size":"auto","background-attachment":"scroll","background-type":"","background-media":"","overlay-type":"","overlay-color":"","overlay-opacity":"","overlay-gradient":""}},"ast-content-background-meta":{"desktop":{"background-color":"var(--ast-global-color-4)","background-image":"","background-repeat":"repeat","background-position":"center center","background-size":"auto","background-attachment":"scroll","background-type":"","background-media":"","overlay-type":"","overlay-color":"","overlay-opacity":"","overlay-gradient":""},"tablet":{"background-color":"var(--ast-global-color-4)","background-image":"","background-repeat":"repeat","background-position":"center center","background-size":"auto","background-attachment":"scroll","background-type":"","background-media":"","overlay-type":"","overlay-color":"","overlay-opacity":"","overlay-gradient":""},"mobile":{"background-color":"var(--ast-global-color-4)","background-image":"","background-repeat":"repeat","background-position":"center center","background-size":"auto","background-attachment":"scroll","background-type":"","background-media":"","overlay-type":"","overlay-color":"","overlay-opacity":"","overlay-gradient":""}},"footnotes":""},"class_list":["post-2","page","type-page","status-publish","hentry"],"yoast_head":"<!-- This site is optimized with the Yoast SEO plugin v24.7 - https:\/\/yoast.com\/wordpress\/plugins\/seo\/ -->\n<title>Puxadores e acess\u00f3rios para o lar -<\/title>\n<meta name=\"description\" content=\"A Puxare \u00e9 mais do que uma loja de puxadores e acess\u00f3rios para o lar, nosso foco \u00e9 trazer design, funcionalidade e qualidade em cada detalhe!\" \/>\n<meta name=\"robots\" content=\"index, follow, max-snippet:-1, max-image-preview:large, max-video-preview:-1\" \/>\n<link rel=\"canonical\" href=\"https:\/\/www.puxare.com.br\/blog\/\" \/>\n<meta property=\"og:locale\" content=\"pt_BR\" \/>\n<meta property=\"og:type\" content=\"article\" \/>\n<meta property=\"og:title\" content=\"Puxadores e acess\u00f3rios para o lar -\" \/>\n<meta property=\"og:description\" content=\"A Puxare \u00e9 mais do que uma loja de puxadores e acess\u00f3rios para o lar, nosso foco \u00e9 trazer design, funcionalidade e qualidade em cada detalhe!\" \/>\n<meta property=\"og:url\" content=\"https:\/\/www.puxare.com.br\/blog\/\" \/>\n<meta property=\"article:modified_time\" content=\"2025-01-29T18:43:02+00:00\" \/>\n<meta property=\"og:image\" content=\"https:\/\/www.puxare.com.br\/blog\/wp-content\/uploads\/2025\/01\/MDP06720-scaled.jpg\" \/>\n\t<meta property=\"og:image:width\" content=\"2048\" \/>\n\t<meta property=\"og:image:height\" content=\"2560\" \/>\n\t<meta property=\"og:image:type\" content=\"image\/jpeg\" \/>\n<meta name=\"twitter:card\" content=\"summary_large_image\" \/>\n<meta name=\"twitter:label1\" content=\"Est. tempo de leitura\" \/>\n\t<meta name=\"twitter:data1\" content=\"3 minutos\" \/>\n<script type=\"application\/ld+json\" class=\"yoast-schema-graph\">{\"@context\":\"https:\/\/schema.org\",\"@graph\":[{\"@type\":\"WebPage\",\"@id\":\"https:\/\/www.puxare.com.br\/blog\/\",\"url\":\"https:\/\/www.puxare.com.br\/blog\/\",\"name\":\"Puxadores e acess\u00f3rios para o lar -\",\"isPartOf\":{\"@id\":\"https:\/\/www.puxare.com.br\/blog\/#website\"},\"primaryImageOfPage\":{\"@id\":\"https:\/\/www.puxare.com.br\/blog\/#primaryimage\"},\"image\":{\"@id\":\"https:\/\/www.puxare.com.br\/blog\/#primaryimage\"},\"thumbnailUrl\":\"https:\/\/www.puxare.com.br\/blog\/wp-content\/uploads\/2025\/01\/MDP06720-819x1024.jpg\",\"datePublished\":\"2022-01-12T20:43:06+00:00\",\"dateModified\":\"2025-01-29T18:43:02+00:00\",\"description\":\"A Puxare \u00e9 mais do que uma loja de puxadores e acess\u00f3rios para o lar, nosso foco \u00e9 trazer design, funcionalidade e qualidade em cada detalhe!\",\"breadcrumb\":{\"@id\":\"https:\/\/www.puxare.com.br\/blog\/#breadcrumb\"},\"inLanguage\":\"pt-BR\",\"potentialAction\":[{\"@type\":\"ReadAction\",\"target\":[\"https:\/\/www.puxare.com.br\/blog\/\"]}]},{\"@type\":\"ImageObject\",\"inLanguage\":\"pt-BR\",\"@id\":\"https:\/\/www.puxare.com.br\/blog\/#primaryimage\",\"url\":\"https:\/\/www.puxare.com.br\/blog\/wp-content\/uploads\/2025\/01\/MDP06720-scaled.jpg\",\"contentUrl\":\"https:\/\/www.puxare.com.br\/blog\/wp-content\/uploads\/2025\/01\/MDP06720-scaled.jpg\",\"width\":2048,\"height\":2560},{\"@type\":\"BreadcrumbList\",\"@id\":\"https:\/\/www.puxare.com.br\/blog\/#breadcrumb\",\"itemListElement\":[{\"@type\":\"ListItem\",\"position\":1,\"name\":\"In\u00edcio\",\"item\":\"https:\/\/www.puxare.com.br\/blog\/\"},{\"@type\":\"ListItem\",\"position\":2,\"name\":\"A Puxare\"}]},{\"@type\":\"WebSite\",\"@id\":\"https:\/\/www.puxare.com.br\/blog\/#website\",\"url\":\"https:\/\/www.puxare.com.br\/blog\/\",\"name\":\"\",\"description\":\"Blog\",\"potentialAction\":[{\"@type\":\"SearchAction\",\"target\":{\"@type\":\"EntryPoint\",\"urlTemplate\":\"https:\/\/www.puxare.com.br\/blog\/?s={search_term_string}\"},\"query-input\":{\"@type\":\"PropertyValueSpecification\",\"valueRequired\":true,\"valueName\":\"search_term_string\"}}],\"inLanguage\":\"pt-BR\"}]}<\/script>\n<!-- \/ Yoast SEO plugin. -->","yoast_head_json":{"title":"Puxadores e acess\u00f3rios para o lar -","description":"A Puxare \u00e9 mais do que uma loja de puxadores e acess\u00f3rios para o lar, nosso foco \u00e9 trazer design, funcionalidade e qualidade em cada detalhe!","robots":{"index":"index","follow":"follow","max-snippet":"max-snippet:-1","max-image-preview":"max-image-preview:large","max-video-preview":"max-video-preview:-1"},"canonical":"https:\/\/www.puxare.com.br\/blog\/","og_locale":"pt_BR","og_type":"article","og_title":"Puxadores e acess\u00f3rios para o lar -","og_description":"A Puxare \u00e9 mais do que uma loja de puxadores e acess\u00f3rios para o lar, nosso foco \u00e9 trazer design, funcionalidade e qualidade em cada detalhe!","og_url":"https:\/\/www.puxare.com.br\/blog\/","article_modified_time":"2025-01-29T18:43:02+00:00","og_image":[{"width":2048,"height":2560,"url":"https:\/\/www.puxare.com.br\/blog\/wp-content\/uploads\/2025\/01\/MDP06720-scaled.jpg","type":"image\/jpeg"}],"twitter_card":"summary_large_image","twitter_misc":{"Est. tempo de leitura":"3 minutos"},"schema":{"@context":"https:\/\/schema.org","@graph":[{"@type":"WebPage","@id":"https:\/\/www.puxare.com.br\/blog\/","url":"https:\/\/www.puxare.com.br\/blog\/","name":"Puxadores e acess\u00f3rios para o lar -","isPartOf":{"@id":"https:\/\/www.puxare.com.br\/blog\/#website"},"primaryImageOfPage":{"@id":"https:\/\/www.puxare.com.br\/blog\/#primaryimage"},"image":{"@id":"https:\/\/www.puxare.com.br\/blog\/#primaryimage"},"thumbnailUrl":"https:\/\/www.puxare.com.br\/blog\/wp-content\/uploads\/2025\/01\/MDP06720-819x1024.jpg","datePublished":"2022-01-12T20:43:06+00:00","dateModified":"2025-01-29T18:43:02+00:00","description":"A Puxare \u00e9 mais do que uma loja de puxadores e acess\u00f3rios para o lar, nosso foco \u00e9 trazer design, funcionalidade e qualidade em cada detalhe!","breadcrumb":{"@id":"https:\/\/www.puxare.com.br\/blog\/#breadcrumb"},"inLanguage":"pt-BR","potentialAction":[{"@type":"ReadAction","target":["https:\/\/www.puxare.com.br\/blog\/"]}]},{"@type":"ImageObject","inLanguage":"pt-BR","@id":"https:\/\/www.puxare.com.br\/blog\/#primaryimage","url":"https:\/\/www.puxare.com.br\/blog\/wp-content\/uploads\/2025\/01\/MDP06720-scaled.jpg","contentUrl":"https:\/\/www.puxare.com.br\/blog\/wp-content\/uploads\/2025\/01\/MDP06720-scaled.jpg","width":2048,"height":2560},{"@type":"BreadcrumbList","@id":"https:\/\/www.puxare.com.br\/blog\/#breadcrumb","itemListElement":[{"@type":"ListItem","position":1,"name":"In\u00edcio","item":"https:\/\/www.puxare.com.br\/blog\/"},{"@type":"ListItem","position":2,"name":"A Puxare"}]},{"@type":"WebSite","@id":"https:\/\/www.puxare.com.br\/blog\/#website","url":"https:\/\/www.puxare.com.br\/blog\/","name":"","description":"Blog","potentialAction":[{"@type":"SearchAction","target":{"@type":"EntryPoint","urlTemplate":"https:\/\/www.puxare.com.br\/blog\/?s={search_term_string}"},"query-input":{"@type":"PropertyValueSpecification","valueRequired":true,"valueName":"search_term_string"}}],"inLanguage":"pt-BR"}]}},"_links":{"self":[{"href":"https:\/\/www.puxare.com.br\/blog\/wp-json\/wp\/v2\/pages\/2","targetHints":{"allow":["GET"]}}],"collection":[{"href":"https:\/\/www.puxare.com.br\/blog\/wp-json\/wp\/v2\/pages"}],"about":[{"href":"https:\/\/www.puxare.com.br\/blog\/wp-json\/wp\/v2\/types\/page"}],"author":[{"embeddable":true,"href":"https:\/\/www.puxare.com.br\/blog\/wp-json\/wp\/v2\/users\/1"}],"replies":[{"embeddable":true,"href":"https:\/\/www.puxare.com.br\/blog\/wp-json\/wp\/v2\/comments?post=2"}],"version-history":[{"count":5,"href":"https:\/\/www.puxare.com.br\/blog\/wp-json\/wp\/v2\/pages\/2\/revisions"}],"predecessor-version":[{"id":182,"href":"https:\/\/www.puxare.com.br\/blog\/wp-json\/wp\/v2\/pages\/2\/revisions\/182"}],"wp:attachment":[{"href":"https:\/\/www.puxare.com.br\/blog\/wp-json\/wp\/v2\/media?parent=2"}],"curies":[{"name":"wp","href":"https:\/\/api.w.org\/{rel}","templated":true}]}}